{"id":26,"date":"2016-10-08T02:35:49","date_gmt":"2016-10-08T02:35:49","guid":{"rendered":"http:\/\/www.focusoutcomes.com\/?page_id=26"},"modified":"2017-10-12T14:19:21","modified_gmt":"2017-10-12T14:19:21","slug":"26-2","status":"publish","type":"page","link":"https:\/\/www.focusoutcomes.com\/index.php\/26-2\/","title":{"rendered":"Tables &#038; Resources"},"content":{"rendered":"<p><strong>Download Step-by-step worksheets &amp; directions<br \/>\n<\/strong><\/p>\n<p><em>Clinicians, Researchers, and Educators<\/em><\/p>\n<p><a href=\"http:\/\/www.focusoutcomes.com\/wp-content\/uploads\/2016\/12\/Worksheet_Step-by-step.pdf\">Step-by-step worksheet<\/a><\/p>\n<p><a href=\"http:\/\/www.focusoutcomes.com\/wp-content\/uploads\/2016\/10\/Step-By-StepGuide.pdf\">Step-by-step directions<\/a><\/p>\n<p><em>Industry<\/em><\/p>\n<p><a href=\"http:\/\/www.focusoutcomes.com\/wp-content\/uploads\/2016\/10\/Worksheet_Step-by-stepIndustry.pdf\">Step-by-step worksheet Industry<\/a><\/p>\n<p><a href=\"http:\/\/www.focusoutcomes.com\/wp-content\/uploads\/2016\/10\/FOCUSindustryStep_by_step.doc\">Ste-by-step directions Industry<\/a><\/p>\n<p>&nbsp;<\/p>\n<p><strong>Download Printable Tables<\/strong><\/p>\n<p><em>FOCUS tables for Clinicians, Researchers, and Educators<\/em><\/p>\n<p><a href=\"http:\/\/www.focusoutcomes.com\/wp-content\/uploads\/2016\/10\/Table-1a-Communication-Strategies.pdf\">Table 1a &#8211; Communication Strategies<\/a><\/p>\n<p><a href=\"http:\/\/www.focusoutcomes.com\/wp-content\/uploads\/2016\/10\/Table1b-Process-Measures.pdf\">Table 1b &#8211; Process Measures<\/a><\/p>\n<p><a href=\"http:\/\/www.focusoutcomes.com\/wp-content\/uploads\/2016\/10\/Table-2-PatientCARE_Experience.pdf\">Table 2 &#8211; Patient Care Experiences<\/a><\/p>\n<p><a href=\"http:\/\/www.focusoutcomes.com\/wp-content\/uploads\/2016\/10\/Table3-PatientChanges.pdf\">Table 3 &#8211; Patient Changes<\/a><\/p>\n<p><a href=\"http:\/\/www.focusoutcomes.com\/wp-content\/uploads\/2016\/10\/Table-4-PatientHealth.pdf\">Table 4 &#8211; Patient Health<\/a><\/p>\n<p><a href=\"http:\/\/www.focusoutcomes.com\/wp-content\/uploads\/2016\/10\/Table5_-Family-Changes.pdf\">Table 5 &#8211; Family Changes<\/a><\/p>\n<p>&nbsp;<\/p>\n<p><em>FOCUS tables for Industry<\/em><\/p>\n<p><a href=\"http:\/\/www.focusoutcomes.com\/wp-content\/uploads\/2016\/10\/IndustryTable-1-Strategy_processes.docx\">Industry Table 1 &#8211; Processes<\/a><\/p>\n<p><a href=\"http:\/\/www.focusoutcomes.com\/wp-content\/uploads\/2016\/10\/IndustryTable-2-Client-Experience.docx\">Industry Table 2 &#8211; Client Experiences<\/a><\/p>\n<p><a href=\"http:\/\/www.focusoutcomes.com\/wp-content\/uploads\/2016\/10\/IndustryTable3-ClientChanges.docx\">Industry Table 3 &#8211; Client Changes<\/a><\/p>\n<p><a href=\"http:\/\/www.focusoutcomes.com\/wp-content\/uploads\/2016\/10\/IndustryTable-4-CompanyChanges.docx\">Industry Table 4-\u00a0 Company Changes<\/a><\/p>\n<p>&nbsp;<\/p>\n<p><strong>References<\/strong><\/p>\n<p>Bernhardt, B. A., Biesecker, B. B., &amp; Mastromarino, C. L. (2000). Goals, benefits, and outcomes of genetic counseling: client and genetic counselor assessment. <em>American Journal of Medical Genetics<\/em>, <em>94<\/em>(3), 189\u201397.<\/p>\n<p>Chivers Seymour, K., Addington-Hall, J., Lucassen, A. M., &amp; Foster, C. L. (2010). What facilitates or impedes family communication following genetic testing for cancer risk? A systematic review and meta-synthesis of primary qualitative research. <em>Journal of Genetic Counseling<\/em>, <em>19<\/em>(4), 330\u201342. http:\/\/doi.org\/10.1007\/s10897-010-9296-y<\/p>\n<p>Committee on Quality of Health Care in America. (2001). <em>Crossing the Quality Chasm: A New Health System for the 21st Century<\/em>. <em>National Academies Press<\/em>. Retrieved from http:\/\/www.ncbi.nlm.nih.gov\/pubmed\/25057539<\/p>\n<p><a href=\"http:\/\/rdcu.be\/wGKu\">Cragun, D. &amp; Zierhut, H. Development of FOCUS-GC: Framework for Outcomes of Clinical Communication Services in Genetic Counseling.\u00a0 J. Genet Counsel (2017). https:\/\/doi.org\/10.1007\/s10897-017-0145-0<\/a><\/p>\n<p>DiClemente, R. J., Crosby, R. A., &amp; Kegler, M. (2009). <em>Emerging theories in health promotion pracitce and research<\/em>. (R. J. DiClemente, R. A. Crosby, &amp; M. Kegler, Eds.) (2nd ed.). San Francisco, CA: Jossey-Bass.<\/p>\n<p>Donabedian, A. (1988). The Quality of Care &#8211; How Can It Be Assessed? <em>JAMA<\/em>, <em>260<\/em>(12), 1743\u20131748. http:\/\/doi.org\/10.1001\/jama.1988.03410120089033<\/p>\n<p>George, R., Kovak, K., &amp; Cox, S. L. (2015). Aligning policy to promote cascade genetic screening for prevention and early diagnosis of heritable diseases. <em>Journal of Genetic Counseling<\/em>, <em>24<\/em>(3), 388\u201399. http:\/\/doi.org\/10.1007\/s10897-014-9805-5<\/p>\n<p>Glanz, K., &amp; Bishop, D. B. (2010). The role of behavioral science theory in development and implementation of public health interventions. <em>Annual Review of Public Health<\/em>, <em>31<\/em>, 399\u2013418. http:\/\/doi.org\/10.1146\/annurev.publhealth.012809.103604<\/p>\n<p>Ha Dinh, T. T., Bonner, A., Clark, R., Ramsbotham, J., &amp; Hines, S. (2016). The effectiveness of the teach-back method on adherence and self-management in health education for people with chronic disease: a systematic review. <em>JBI Database of Systematic Reviews and Implementation Reports<\/em>, <em>14<\/em>(1), 210\u201347. http:\/\/doi.org\/10.11124\/jbisrir-2016-2296<\/p>\n<p>Hallowell, N., Lawton, J., &amp; Gregory, S. (2005). <em>Reflections on Research: The Realitities of Doing Research in the Social Sciences<\/em>. New York, NY: Open University Press.<\/p>\n<p>Hartmann, J. E., Veach, P. M., MacFarlane, I. M., &amp; LeRoy, B. S. (2015). Genetic counselor perceptions of genetic counseling session goals: a validation study of the reciprocal-engagement model. <em>Journal of Genetic Counseling<\/em>, <em>24<\/em>(2), 225\u201337. http:\/\/doi.org\/10.1007\/s10897-013-9647-6<\/p>\n<p>Hoerger, M., Epstein, R. M., Winters, P. C., Fiscella, K., Duberstein, P. R., Gramling, R., \u2026 Kravitz, R. L. (2013). Values and options in cancer care (VOICE): study design and rationale for a patient-centered communication and decision-making intervention for physicians, patients with advanced cancer, and their caregivers. <em>BMC Cancer<\/em>, <em>13<\/em>, 188. http:\/\/doi.org\/10.1186\/1471-2407-13-188<\/p>\n<p>House, J. S. (1981). <em>Work stress and social support<\/em>. Addison-Wesley Pub Co.<\/p>\n<p>Kenyon, C. C., Palakshappa, D., &amp; Feudtner, C. (2015). Logic Models&#8211;Tools to Bridge the Theory-Research-Practice Divide. <em>JAMA Pediatrics<\/em>, <em>169<\/em>(9), 801\u20132. http:\/\/doi.org\/10.1001\/jamapediatrics.2015.1365<\/p>\n<p>Kinney, A. Y., Boonyasiriwat, W., Walters, S. T., Pappas, L. M., Stroup, A. M., Schwartz, M. D., \u2026 Higginbotham, J. C. (2014). Telehealth personalized cancer risk communication to motivate colonoscopy in relatives of patients with colorectal cancer: the family CARE Randomized controlled trial. <em>Journal of Clinical Oncology\u202f: Official Journal of the American Society of Clinical Oncology<\/em>, <em>32<\/em>(7), 654\u201362. http:\/\/doi.org\/10.1200\/JCO.2013.51.6765<\/p>\n<p>L\u00e9gar\u00e9, F., O\u2019Connor, A. C., Graham, I., Saucier, D., C\u00f4t\u00e9, L., Cauchon, M., &amp; Par\u00e9, L. (2006). Supporting patients facing difficult health care decisions: use of the Ottawa Decision Support Framework. <em>Canadian Family Physician Medecin de Famille Canadien<\/em>, <em>52<\/em>, 476\u20137. Retrieved from http:\/\/www.ncbi.nlm.nih.gov\/pubmed\/17327891<\/p>\n<p>Lerner, J. S., Li, Y., Valdesolo, P., &amp; Kassam, K. S. (2015). Emotion and Decision Making. <em>Annu. Rev. Psychol<\/em>, <em>6633<\/em>. http:\/\/doi.org\/10.1146\/annurev-psych-010213-115043<\/p>\n<p>Lundahl, B., Moleni, T., Burke, B. L., Butters, R., Tollefson, D., Butler, C., &amp; Rollnick, S. (2013). Motivational interviewing in medical care settings: a systematic review and meta-analysis of randomized controlled trials. <em>Patient Education and Counseling<\/em>, <em>93<\/em>(2), 157\u201368. http:\/\/doi.org\/10.1016\/j.pec.2013.07.012<\/p>\n<p>Makoul, G., &amp; Clayman, M. L. (2006). An integrative model of shared decision making in medical encounters. <em>Patient Education and Counseling<\/em>, <em>60<\/em>(3), 301\u201312. http:\/\/doi.org\/10.1016\/j.pec.2005.06.010<\/p>\n<p>McAllister, M., &amp; Dearing, A. (2015). Patient reported outcomes and patient empowerment in clinical genetics services. <em>Clinical Genetics<\/em>, <em>88<\/em>(2), 114\u201321. http:\/\/doi.org\/10.1111\/cge.12520<\/p>\n<p>McAllister, M., Moldovan, R., Paneque, M., &amp; Skirton, H. (2016). The need to develop an evidence base for genetic counselling in Europe. <em>European Journal of Human Genetics\u202f: EJHG<\/em>, <em>24<\/em>(4), 504\u20135. http:\/\/doi.org\/10.1038\/ejhg.2015.134<\/p>\n<p>McAllister, M., Payne, K., Macleod, R., Nicholls, S., Dian Donnai, &amp; Davies, L. (2008). Patient empowerment in clinical genetics services. <em>Journal of Health Psychology<\/em>, <em>13<\/em>(7), 895\u2013905. http:\/\/doi.org\/10.1177\/1359105308095063<\/p>\n<p>McAllister, M., Payne, K., Nicholls, S., MacLeod, R., Donnai, D., &amp; Davies, L. M. (2007). Improving service evaluation in clinical genetics: identifying effects of genetic diseases on individuals and families. <em>Journal of Genetic Counseling<\/em>, <em>16<\/em>(1), 71\u201383. http:\/\/doi.org\/10.1007\/s10897-006-9046-3<\/p>\n<p>Mcallister, M., Wood, A., Dunn, G., Shiloh, S., &amp; Todd, C. (2011). The Genetic Counseling Outcome Scale: A new patient-reported outcome measure for clinical genetics services. <em>Clinical Genetics<\/em>, <em>79<\/em>, 413\u2013424. http:\/\/doi.org\/10.1111\/j.1399-0004.2011.01636.x<\/p>\n<p>Meiser, B., Butow, P. N., Barratt, A. L., Schnieden, V., Gattas, M., Kirk, J., \u2026 Psychological Impact Collaborative Group. (2001). Long-term outcomes of genetic counseling in women at increased risk of developing hereditary breast cancer. <em>Patient Education and Counseling<\/em>, <em>44<\/em>(3), 215\u201325.<\/p>\n<p>Meiser, B., Irle, J., Lobb, E., &amp; Barlow-Stewart, K. (2008). Assessment of the content and process of genetic counseling: a critical review of empirical studies. <em>Journal of Genetic Counseling<\/em>, <em>17<\/em>(5), 434\u201351. http:\/\/doi.org\/10.1007\/s10897-008-9173-0<\/p>\n<p>Miller, W. R., &amp; Rollnick, S. (2013). <em>Motivational interviewing: helping people change<\/em> (3rd ed.). New York, NY: The Guilford Press.<\/p>\n<p>National Quality Measures Clearninghouse. (2017). Retrieved February 6, 2017, from https:\/\/www.qualitymeasures.ahrq.gov\/<\/p>\n<p>Nci, DCCPS, &amp; Arp. (2007). <em>Patient-Centered Communication in Cancer Care: Promoting Healing &amp;amp; Reducing Suffering<\/em>. Bethesda, MD: NIH publication.<\/p>\n<p>Nilsen, P., Eccles, M., Grimshaw, J., Walker, A., Johnston, M., Pitts, N., \u2026 Baumgardner, M. (2015). Making sense of implementation theories, models and frameworks. <em>Implementation Science<\/em>, <em>10<\/em>(1), 53. http:\/\/doi.org\/10.1186\/s13012-015-0242-0<\/p>\n<p>Paul, J., Metcalfe, S., Stirling, L., Wilson, B., &amp; Hodgson, J. (2015). Analyzing communication in genetic consultations&#8211;a systematic review. <em>Patient Education and Counseling<\/em>, <em>98<\/em>(1), 15\u201333. http:\/\/doi.org\/10.1016\/j.pec.2014.09.017<\/p>\n<p>Payne, K., Nicholls, S. G., McAllister, M., MacLeod, R., Ellis, I., Donnai, D., &amp; Davies, L. M. (2007). Outcome measures for clinical genetics services: a comparison of genetics healthcare professionals and patients\u2019 views. <em>Health Policy (Amsterdam, Netherlands)<\/em>, <em>84<\/em>(1), 112\u201322. http:\/\/doi.org\/10.1016\/j.healthpol.2007.03.005<\/p>\n<p>Payne, K., Nicholls, S., McAllister, M., Macleod, R., Donnai, D., &amp; Davies, L. M. (2007). Outcome measurement in clinical genetics services: a systematic review of validated measures. <em>Value in Health\u202f: The Journal of the International Society for Pharmacoeconomics and Outcomes Research<\/em>, <em>11<\/em>(3), 497\u2013508. http:\/\/doi.org\/10.1111\/j.1524-4733.2007.00259.x<\/p>\n<p>Pengchit, W., Walters, S. T., Simmons, R. G., Kohlmann, W., Burt, R. W., Schwartz, M. D., &amp; Kinney, A. Y. (2011). Motivation-based intervention to promote colonoscopy screening: an integration of a fear management model and motivational interviewing. <em>Journal of Health Psychology<\/em>, <em>16<\/em>(8), 1187\u201397. http:\/\/doi.org\/10.1177\/1359105311402408<\/p>\n<p>Peters, K. F., &amp; Petrill, S. A. (2011). A comparison of the background, needs, and expectations of patients seeking genetic counseling services. <em>American Journal of Medical Genetics. Part A<\/em>, <em>155A<\/em>(4), 697\u2013705. http:\/\/doi.org\/10.1002\/ajmg.a.33979<\/p>\n<p>Pithara, C. (2014). Identifying outcomes of clinical genetic services: qualitative evidence and methodological considerations. <em>Journal of Genetic Counseling<\/em>, <em>23<\/em>(2), 229\u201338. http:\/\/doi.org\/10.1007\/s10897-013-9654-7<\/p>\n<p>Redlinger-Grosse, K., Veach, P. M., Cohen, S., LeRoy, B. S., MacFarlane, I. M., &amp; Zierhut, H. (2015). Defining Our Clinical Practice: The Identification of Genetic Counseling Outcomes Utilizing the Reciprocal Engagement Model. <em>Journal of Genetic Counseling<\/em>. http:\/\/doi.org\/10.1007\/s10897-015-9864-2<\/p>\n<p>Roter, D., Ellington, L., Erby, L. H., Larson, S., &amp; Dudley, W. (2006). The Genetic Counseling Video Project (GCVP): models of practice. <em>American Journal of Medical Genetics. Part C, Seminars in Medical Genetics<\/em>, <em>142C<\/em>(4), 209\u201320. http:\/\/doi.org\/10.1002\/ajmg.c.30094<\/p>\n<p>Ruiter, R. A. C., Kessels, L. T. E., Peters, G.-J. Y., &amp; Kok, G. (2014). Sixty years of fear appeal research: current state of the evidence. <em>International Journal of Psychology\u202f: Journal International de Psychologie<\/em>, <em>49<\/em>(2), 63\u201370. http:\/\/doi.org\/10.1002\/ijop.12042<\/p>\n<p>Silvey, K., Stock, J., Hasegawa, L. E., &amp; Au, S. M. (2009). Outcomes of genetics services: creating an inclusive definition and outcomes menu for public health and clinical genetics services. <em>American Journal of Medical Genetics. Part C, Seminars in Medical Genetics<\/em>, <em>151C<\/em>(3), 207\u201313. http:\/\/doi.org\/10.1002\/ajmg.c.30218<\/p>\n<p>Street, R. L. (2013). How clinician-patient communication contributes to health improvement: modeling pathways from talk to outcome. <em>Patient Education and Counseling<\/em>, <em>92<\/em>(3), 286\u201391. http:\/\/doi.org\/10.1016\/j.pec.2013.05.004<\/p>\n<p>Street, R. L., &amp; Epstein, R. M. (2007). <em>Patient-Centered Communication in Cancer Care: Promoting Healing &amp;amp; Reducing Suffering<\/em>. Bethesda, MD: NIH publication.<\/p>\n<p>Street, R. L., Makoul, G., Arora, N. K., &amp; Epstein, R. M. (2009). How does communication heal? Pathways linking clinician-patient communication to health outcomes. <em>Patient Education and Counseling<\/em>, <em>74<\/em>(3), 295\u2013301. http:\/\/doi.org\/10.1016\/j.pec.2008.11.015<\/p>\n<p>Uhlmann, W. R., Schuette, J. L., &amp; Yashar, B. M. (2009). <em>A guide to genetic counseling<\/em>. (W. R. Uhlmann, J. L. Schuette, &amp; B. M. Yashar, Eds.) (2nd ed.). Hoboken, NJ: Wiley-Blackwell.<\/p>\n<p>Veach, P. M., Bartels, D. M., &amp; LeRoy, B. S. (2007). Coming full circle: A reciprocal-engagement model of genetic counseling practice. <em>Journal of Genetic Counseling<\/em>, <em>16<\/em>, 713\u2013728. http:\/\/doi.org\/10.1007\/s10897-007-9113-4<\/p>\n<p>Veach, P. M., LeRoy, B., &amp; Bartels, D. M. (2010). <em>Genetic counseling practice\u202f: advanced concepts and skills<\/em>. Wiley-Blackwell.<\/p>\n<p>Veach, P. M., LeRoy, B. S., &amp; Bartels, D. M. (2003). <em>Facilitating the genetic counseling process: a practice manual<\/em>. New York: Springer-Verlag.<\/p>\n<p>Wang, C., Gonzalez, R., &amp; Merajver, S. D. S. D. (2004). Assessment of genetic testing and related counseling services: current research and future directions. <em>Social Science &amp; Medicine<\/em>, <em>58<\/em>, 1427\u20131442. http:\/\/doi.org\/10.1016\/S0277-9536(03)00337-X<\/p>\n<p>Wiseman, M., Dancyger, C., &amp; Michie, S. (2010). Communicating genetic risk information within families: a review. <em>Familial Cancer<\/em>, <em>9<\/em>(4), 691\u2013703. http:\/\/doi.org\/10.1007\/s10689-010-9380-3<\/p>\n<p>Witte, K. (1992). Putting the fear back into fear appeals: The extended parallel process model. <em>Communication Monographs<\/em>, <em>59<\/em>(4), 329\u2013349. http:\/\/doi.org\/10.1080\/03637759209376276<\/p>\n<p>Zellerino, B. C., Milligan, S. A., Gray, J. R., Williams, M. S., &amp; Brooks, R. (2009). Identification and prioritization of quality indicators in clinical genetics: an international survey. <em>American Journal of Medical Genetics. Part C, Seminars in Medical Genetics<\/em>, <em>151C<\/em>(3), 179\u201390. http:\/\/doi.org\/10.1002\/ajmg.c.30220<\/p>\n<p>Zierhut, H. A., Shannon, K. M., Cragun, D. L., &amp; Cohen, S. A. (2016). Elucidating Genetic Counseling Outcomes from the Perspective of Genetic Counselors. <em>Journal of Genetic Counseling<\/em>, <em>25<\/em>(5), 993\u20131001. http:\/\/doi.org\/10.1007\/s10897-015-9930-9<\/p>\n","protected":false},"excerpt":{"rendered":"<p>Download Step-by-step worksheets &amp; directions Clinicians, Researchers, and Educators Step-by-step worksheet Step-by-step directions Industry Step-by-step worksheet Industry Ste-by-step directions Industry &nbsp; Download Printable Tables FOCUS tables for Clinicians, Researchers, and Educators Table 1a &#8211; Communication Strategies Table 1b &#8211; Process<\/p>\n","protected":false},"author":1,"featured_media":0,"parent":0,"menu_order":0,"comment_status":"closed","ping_status":"closed","template":"","meta":{"footnotes":""},"class_list":["post-26","page","type-page","status-publish","hentry"],"_links":{"self":[{"href":"https:\/\/www.focusoutcomes.com\/index.php\/wp-json\/wp\/v2\/pages\/26","targetHints":{"allow":["GET"]}}],"collection":[{"href":"https:\/\/www.focusoutcomes.com\/index.php\/wp-json\/wp\/v2\/pages"}],"about":[{"href":"https:\/\/www.focusoutcomes.com\/index.php\/wp-json\/wp\/v2\/types\/page"}],"author":[{"embeddable":true,"href":"https:\/\/www.focusoutcomes.com\/index.php\/wp-json\/wp\/v2\/users\/1"}],"replies":[{"embeddable":true,"href":"https:\/\/www.focusoutcomes.com\/index.php\/wp-json\/wp\/v2\/comments?post=26"}],"version-history":[{"count":0,"href":"https:\/\/www.focusoutcomes.com\/index.php\/wp-json\/wp\/v2\/pages\/26\/revisions"}],"wp:attachment":[{"href":"https:\/\/www.focusoutcomes.com\/index.php\/wp-json\/wp\/v2\/media?parent=26"}],"curies":[{"name":"wp","href":"https:\/\/api.w.org\/{rel}","templated":true}]}}